{"id":1064,"date":"2026-03-06T07:54:37","date_gmt":"2026-03-06T07:54:37","guid":{"rendered":"https:\/\/bighuggym.sk\/site\/?page_id=1064"},"modified":"2026-03-06T07:54:37","modified_gmt":"2026-03-06T07:54:37","slug":"skusobna-hodina","status":"publish","type":"page","link":"https:\/\/bighuggym.sk\/site\/trnava\/skusobna-hodina\/","title":{"rendered":"Sk\u00fa\u0161obn\u00e1 hodina"},"content":{"rendered":"","protected":false},"excerpt":{"rendered":"","protected":false},"author":1,"featured_media":0,"parent":1044,"menu_order":0,"comment_status":"closed","ping_status":"closed","template":"","meta":{"footnotes":""},"class_list":["post-1064","page","type-page","status-publish","hentry"],"_links":{"self":[{"href":"https:\/\/bighuggym.sk\/site\/wp-json\/wp\/v2\/pages\/1064","targetHints":{"allow":["GET"]}}],"collection":[{"href":"https:\/\/bighuggym.sk\/site\/wp-json\/wp\/v2\/pages"}],"about":[{"href":"https:\/\/bighuggym.sk\/site\/wp-json\/wp\/v2\/types\/page"}],"author":[{"embeddable":true,"href":"https:\/\/bighuggym.sk\/site\/wp-json\/wp\/v2\/users\/1"}],"replies":[{"embeddable":true,"href":"https:\/\/bighuggym.sk\/site\/wp-json\/wp\/v2\/comments?post=1064"}],"version-history":[{"count":1,"href":"https:\/\/bighuggym.sk\/site\/wp-json\/wp\/v2\/pages\/1064\/revisions"}],"predecessor-version":[{"id":1065,"href":"https:\/\/bighuggym.sk\/site\/wp-json\/wp\/v2\/pages\/1064\/revisions\/1065"}],"up":[{"embeddable":true,"href":"https:\/\/bighuggym.sk\/site\/wp-json\/wp\/v2\/pages\/1044"}],"wp:attachment":[{"href":"https:\/\/bighuggym.sk\/site\/wp-json\/wp\/v2\/media?parent=1064"}],"curies":[{"name":"wp","href":"https:\/\/api.w.org\/{rel}","templated":true}]}}