{"id":813,"date":"2024-02-24T03:53:10","date_gmt":"2024-02-24T03:53:10","guid":{"rendered":"https:\/\/bighuggym.sk\/site\/?page_id=813"},"modified":"2024-09-23T07:06:22","modified_gmt":"2024-09-23T07:06:22","slug":"skusobna-hodina","status":"publish","type":"page","link":"https:\/\/bighuggym.sk\/site\/banskabystrica\/skusobna-hodina\/","title":{"rendered":"Sk\u00fa\u0161obn\u00e1 hodina"},"content":{"rendered":"","protected":false},"excerpt":{"rendered":"","protected":false},"author":1,"featured_media":0,"parent":804,"menu_order":0,"comment_status":"closed","ping_status":"closed","template":"","meta":{"footnotes":""},"class_list":["post-813","page","type-page","status-publish","hentry"],"_links":{"self":[{"href":"https:\/\/bighuggym.sk\/site\/wp-json\/wp\/v2\/pages\/813","targetHints":{"allow":["GET"]}}],"collection":[{"href":"https:\/\/bighuggym.sk\/site\/wp-json\/wp\/v2\/pages"}],"about":[{"href":"https:\/\/bighuggym.sk\/site\/wp-json\/wp\/v2\/types\/page"}],"author":[{"embeddable":true,"href":"https:\/\/bighuggym.sk\/site\/wp-json\/wp\/v2\/users\/1"}],"replies":[{"embeddable":true,"href":"https:\/\/bighuggym.sk\/site\/wp-json\/wp\/v2\/comments?post=813"}],"version-history":[{"count":1,"href":"https:\/\/bighuggym.sk\/site\/wp-json\/wp\/v2\/pages\/813\/revisions"}],"predecessor-version":[{"id":823,"href":"https:\/\/bighuggym.sk\/site\/wp-json\/wp\/v2\/pages\/813\/revisions\/823"}],"up":[{"embeddable":true,"href":"https:\/\/bighuggym.sk\/site\/wp-json\/wp\/v2\/pages\/804"}],"wp:attachment":[{"href":"https:\/\/bighuggym.sk\/site\/wp-json\/wp\/v2\/media?parent=813"}],"curies":[{"name":"wp","href":"https:\/\/api.w.org\/{rel}","templated":true}]}}